{"id":91,"date":"2024-11-28T11:53:03","date_gmt":"2024-11-28T11:53:03","guid":{"rendered":"https:\/\/hukanhauta.com\/?page_id=91"},"modified":"2024-12-06T14:10:22","modified_gmt":"2024-12-06T14:10:22","slug":"historiallinen-lasilevy","status":"publish","type":"page","link":"https:\/\/hukanhauta.com\/index.php\/historiallinen-lasilevy\/","title":{"rendered":"Historiallinen lasilevy"},"content":{"rendered":"\n<p>Yli 100-vuotias kuivalevytekniikka tuottaa uniikin ja el\u00e4v\u00e4n muotokuvan. Kuvauksessa tehd\u00e4\u00e4n sek\u00e4 negatiivi, josta voidaan valmistaa vedoksia sek\u00e4 uniikki lasiambrotyyppi. Lasiambrotyyppi on kehystett\u00e4viss\u00e4 sellaisenaan eik\u00e4 sit\u00e4 ole mahdollista kopioida.<\/p>\n\n\n\n<figure class=\"wp-block-gallery has-nested-images columns-2 is-cropped wp-block-gallery-1 is-layout-flex wp-block-gallery-is-layout-flex\">\n<figure class=\"wp-block-image size-full\"><img loading=\"lazy\" decoding=\"async\" width=\"1401\" height=\"2048\" data-id=\"18\" src=\"https:\/\/hukanhauta.com\/wp-content\/uploads\/2024\/11\/5769-2.jpg\" alt=\"\" class=\"wp-image-18\" srcset=\"https:\/\/hukanhauta.com\/wp-content\/uploads\/2024\/11\/5769-2.jpg 1401w, https:\/\/hukanhauta.com\/wp-content\/uploads\/2024\/11\/5769-2-205x300.jpg 205w, https:\/\/hukanhauta.com\/wp-content\/uploads\/2024\/11\/5769-2-701x1024.jpg 701w, https:\/\/hukanhauta.com\/wp-content\/uploads\/2024\/11\/5769-2-768x1123.jpg 768w, https:\/\/hukanhauta.com\/wp-content\/uploads\/2024\/11\/5769-2-1051x1536.jpg 1051w\" sizes=\"auto, (max-width: 1401px) 100vw, 1401px\" \/><\/figure>\n\n\n\n<figure class=\"wp-block-image size-full\"><img loading=\"lazy\" decoding=\"async\" width=\"1408\" height=\"2048\" data-id=\"17\" src=\"https:\/\/hukanhauta.com\/wp-content\/uploads\/2024\/11\/DSC5780.jpg\" alt=\"\" class=\"wp-image-17\" srcset=\"https:\/\/hukanhauta.com\/wp-content\/uploads\/2024\/11\/DSC5780.jpg 1408w, https:\/\/hukanhauta.com\/wp-content\/uploads\/2024\/11\/DSC5780-206x300.jpg 206w, https:\/\/hukanhauta.com\/wp-content\/uploads\/2024\/11\/DSC5780-704x1024.jpg 704w, https:\/\/hukanhauta.com\/wp-content\/uploads\/2024\/11\/DSC5780-768x1117.jpg 768w, https:\/\/hukanhauta.com\/wp-content\/uploads\/2024\/11\/DSC5780-1056x1536.jpg 1056w\" sizes=\"auto, (max-width: 1408px) 100vw, 1408px\" \/><\/figure>\n\n\n\n<figure class=\"wp-block-image size-full\"><img loading=\"lazy\" decoding=\"async\" width=\"1401\" height=\"2048\" data-id=\"16\" src=\"https:\/\/hukanhauta.com\/wp-content\/uploads\/2024\/11\/DSC5802.jpg\" alt=\"\" class=\"wp-image-16\" srcset=\"https:\/\/hukanhauta.com\/wp-content\/uploads\/2024\/11\/DSC5802.jpg 1401w, https:\/\/hukanhauta.com\/wp-content\/uploads\/2024\/11\/DSC5802-205x300.jpg 205w, https:\/\/hukanhauta.com\/wp-content\/uploads\/2024\/11\/DSC5802-701x1024.jpg 701w, https:\/\/hukanhauta.com\/wp-content\/uploads\/2024\/11\/DSC5802-768x1123.jpg 768w, https:\/\/hukanhauta.com\/wp-content\/uploads\/2024\/11\/DSC5802-1051x1536.jpg 1051w\" sizes=\"auto, (max-width: 1401px) 100vw, 1401px\" \/><\/figure>\n\n\n\n<figure class=\"wp-block-image size-full\"><img loading=\"lazy\" decoding=\"async\" width=\"1765\" height=\"2560\" data-id=\"15\" src=\"https:\/\/hukanhauta.com\/wp-content\/uploads\/2024\/11\/DSC4430-2-scaled.jpg\" alt=\"\" class=\"wp-image-15\" srcset=\"https:\/\/hukanhauta.com\/wp-content\/uploads\/2024\/11\/DSC4430-2-scaled.jpg 1765w, https:\/\/hukanhauta.com\/wp-content\/uploads\/2024\/11\/DSC4430-2-207x300.jpg 207w, https:\/\/hukanhauta.com\/wp-content\/uploads\/2024\/11\/DSC4430-2-706x1024.jpg 706w, https:\/\/hukanhauta.com\/wp-content\/uploads\/2024\/11\/DSC4430-2-768x1114.jpg 768w, https:\/\/hukanhauta.com\/wp-content\/uploads\/2024\/11\/DSC4430-2-1059x1536.jpg 1059w, https:\/\/hukanhauta.com\/wp-content\/uploads\/2024\/11\/DSC4430-2-1412x2048.jpg 1412w\" sizes=\"auto, (max-width: 1765px) 100vw, 1765px\" \/><\/figure>\n\n\n\n<figure class=\"wp-block-image size-full\"><img loading=\"lazy\" decoding=\"async\" width=\"1425\" height=\"2048\" data-id=\"168\" src=\"https:\/\/hukanhauta.com\/wp-content\/uploads\/2024\/12\/DSC5931.jpg\" alt=\"\" class=\"wp-image-168\" srcset=\"https:\/\/hukanhauta.com\/wp-content\/uploads\/2024\/12\/DSC5931.jpg 1425w, https:\/\/hukanhauta.com\/wp-content\/uploads\/2024\/12\/DSC5931-209x300.jpg 209w, https:\/\/hukanhauta.com\/wp-content\/uploads\/2024\/12\/DSC5931-713x1024.jpg 713w, https:\/\/hukanhauta.com\/wp-content\/uploads\/2024\/12\/DSC5931-768x1104.jpg 768w, https:\/\/hukanhauta.com\/wp-content\/uploads\/2024\/12\/DSC5931-1069x1536.jpg 1069w\" sizes=\"auto, (max-width: 1425px) 100vw, 1425px\" \/><\/figure>\n\n\n\n<figure class=\"wp-block-image size-full\"><img loading=\"lazy\" decoding=\"async\" width=\"1401\" height=\"2048\" data-id=\"170\" src=\"https:\/\/hukanhauta.com\/wp-content\/uploads\/2024\/12\/DSC5956-2.jpg\" alt=\"\" class=\"wp-image-170\" srcset=\"https:\/\/hukanhauta.com\/wp-content\/uploads\/2024\/12\/DSC5956-2.jpg 1401w, https:\/\/hukanhauta.com\/wp-content\/uploads\/2024\/12\/DSC5956-2-205x300.jpg 205w, https:\/\/hukanhauta.com\/wp-content\/uploads\/2024\/12\/DSC5956-2-701x1024.jpg 701w, https:\/\/hukanhauta.com\/wp-content\/uploads\/2024\/12\/DSC5956-2-768x1123.jpg 768w, https:\/\/hukanhauta.com\/wp-content\/uploads\/2024\/12\/DSC5956-2-1051x1536.jpg 1051w\" sizes=\"auto, (max-width: 1401px) 100vw, 1401px\" \/><\/figure>\n<\/figure>\n","protected":false},"excerpt":{"rendered":"<p>Yli 100-vuotias kuivalevytekniikka tuottaa uniikin ja el\u00e4v\u00e4n muotokuvan. Kuvauksessa tehd\u00e4\u00e4n sek\u00e4 negatiivi, josta voidaan valmistaa vedoksia sek\u00e4 uniikki lasiambrotyyppi. Lasiambrotyyppi on kehystett\u00e4viss\u00e4 sellaisenaan eik\u00e4 sit\u00e4 ole mahdollista kopioida.<\/p>\n","protected":false},"author":1,"featured_media":0,"parent":0,"menu_order":0,"comment_status":"closed","ping_status":"closed","template":"","meta":{"_monsterinsights_skip_tracking":false,"_monsterinsights_sitenote_active":false,"_monsterinsights_sitenote_note":"","_monsterinsights_sitenote_category":0,"footnotes":""},"class_list":["post-91","page","type-page","status-publish","hentry"],"aioseo_notices":[],"_links":{"self":[{"href":"https:\/\/hukanhauta.com\/index.php\/wp-json\/wp\/v2\/pages\/91","targetHints":{"allow":["GET"]}}],"collection":[{"href":"https:\/\/hukanhauta.com\/index.php\/wp-json\/wp\/v2\/pages"}],"about":[{"href":"https:\/\/hukanhauta.com\/index.php\/wp-json\/wp\/v2\/types\/page"}],"author":[{"embeddable":true,"href":"https:\/\/hukanhauta.com\/index.php\/wp-json\/wp\/v2\/users\/1"}],"replies":[{"embeddable":true,"href":"https:\/\/hukanhauta.com\/index.php\/wp-json\/wp\/v2\/comments?post=91"}],"version-history":[{"count":4,"href":"https:\/\/hukanhauta.com\/index.php\/wp-json\/wp\/v2\/pages\/91\/revisions"}],"predecessor-version":[{"id":171,"href":"https:\/\/hukanhauta.com\/index.php\/wp-json\/wp\/v2\/pages\/91\/revisions\/171"}],"wp:attachment":[{"href":"https:\/\/hukanhauta.com\/index.php\/wp-json\/wp\/v2\/media?parent=91"}],"curies":[{"name":"wp","href":"https:\/\/api.w.org\/{rel}","templated":true}]}}