{"id":95,"date":"2024-11-28T12:04:32","date_gmt":"2024-11-28T12:04:32","guid":{"rendered":"https:\/\/hukanhauta.com\/?page_id=95"},"modified":"2024-11-28T20:14:00","modified_gmt":"2024-11-28T20:14:00","slug":"perinteinen-filmikuva","status":"publish","type":"page","link":"https:\/\/hukanhauta.com\/index.php\/perinteinen-filmikuva\/","title":{"rendered":"Perinteinen filmikuva"},"content":{"rendered":"\n<p>Mustavalkoinen tai v\u00e4rillinen filmille tehty muotokuva on autenttinen ja tunnelmallinen. Materiaali on eritt\u00e4in monipuolinen ja mahdollistaa erilaisten tekniikoiden k\u00e4yt\u00f6n haluttuun lopputulokseen. Kuvista on mahdollista tehd\u00e4 my\u00f6s isot suurennokset. Kuvaus valinnan mukaan v\u00e4rillisen\u00e4 tai mustavalkoisena.<\/p>\n\n\n\n<figure class=\"wp-block-gallery has-nested-images columns-2 is-cropped wp-block-gallery-1 is-layout-flex wp-block-gallery-is-layout-flex\">\n<figure class=\"wp-block-image size-full\"><img loading=\"lazy\" decoding=\"async\" width=\"1536\" height=\"2048\" data-id=\"72\" src=\"https:\/\/hukanhauta.com\/wp-content\/uploads\/2024\/11\/DSC0346.jpg\" alt=\"\" class=\"wp-image-72\" srcset=\"https:\/\/hukanhauta.com\/wp-content\/uploads\/2024\/11\/DSC0346.jpg 1536w, https:\/\/hukanhauta.com\/wp-content\/uploads\/2024\/11\/DSC0346-225x300.jpg 225w, https:\/\/hukanhauta.com\/wp-content\/uploads\/2024\/11\/DSC0346-768x1024.jpg 768w, https:\/\/hukanhauta.com\/wp-content\/uploads\/2024\/11\/DSC0346-1152x1536.jpg 1152w\" sizes=\"auto, (max-width: 1536px) 100vw, 1536px\" \/><\/figure>\n\n\n\n<figure class=\"wp-block-image size-full\"><img loading=\"lazy\" decoding=\"async\" width=\"1536\" height=\"2048\" data-id=\"71\" src=\"https:\/\/hukanhauta.com\/wp-content\/uploads\/2024\/11\/DSC0342.jpg\" alt=\"\" class=\"wp-image-71\" srcset=\"https:\/\/hukanhauta.com\/wp-content\/uploads\/2024\/11\/DSC0342.jpg 1536w, https:\/\/hukanhauta.com\/wp-content\/uploads\/2024\/11\/DSC0342-225x300.jpg 225w, https:\/\/hukanhauta.com\/wp-content\/uploads\/2024\/11\/DSC0342-768x1024.jpg 768w, https:\/\/hukanhauta.com\/wp-content\/uploads\/2024\/11\/DSC0342-1152x1536.jpg 1152w\" sizes=\"auto, (max-width: 1536px) 100vw, 1536px\" \/><\/figure>\n\n\n\n<figure class=\"wp-block-image size-full\"><img loading=\"lazy\" decoding=\"async\" width=\"1662\" height=\"2048\" data-id=\"69\" src=\"https:\/\/hukanhauta.com\/wp-content\/uploads\/2024\/11\/DSC3313.jpg\" alt=\"\" class=\"wp-image-69\" srcset=\"https:\/\/hukanhauta.com\/wp-content\/uploads\/2024\/11\/DSC3313.jpg 1662w, https:\/\/hukanhauta.com\/wp-content\/uploads\/2024\/11\/DSC3313-243x300.jpg 243w, https:\/\/hukanhauta.com\/wp-content\/uploads\/2024\/11\/DSC3313-831x1024.jpg 831w, https:\/\/hukanhauta.com\/wp-content\/uploads\/2024\/11\/DSC3313-768x946.jpg 768w, https:\/\/hukanhauta.com\/wp-content\/uploads\/2024\/11\/DSC3313-1247x1536.jpg 1247w\" sizes=\"auto, (max-width: 1662px) 100vw, 1662px\" \/><\/figure>\n\n\n\n<figure class=\"wp-block-image size-full\"><img loading=\"lazy\" decoding=\"async\" width=\"2048\" height=\"1662\" data-id=\"70\" src=\"https:\/\/hukanhauta.com\/wp-content\/uploads\/2024\/11\/DSC3314.jpg\" alt=\"\" class=\"wp-image-70\" srcset=\"https:\/\/hukanhauta.com\/wp-content\/uploads\/2024\/11\/DSC3314.jpg 2048w, https:\/\/hukanhauta.com\/wp-content\/uploads\/2024\/11\/DSC3314-300x243.jpg 300w, https:\/\/hukanhauta.com\/wp-content\/uploads\/2024\/11\/DSC3314-1024x831.jpg 1024w, https:\/\/hukanhauta.com\/wp-content\/uploads\/2024\/11\/DSC3314-768x623.jpg 768w, https:\/\/hukanhauta.com\/wp-content\/uploads\/2024\/11\/DSC3314-1536x1247.jpg 1536w\" sizes=\"auto, (max-width: 2048px) 100vw, 2048px\" \/><\/figure>\n\n\n\n<figure class=\"wp-block-image size-full\"><img loading=\"lazy\" decoding=\"async\" width=\"1536\" height=\"2048\" data-id=\"109\" src=\"https:\/\/hukanhauta.com\/wp-content\/uploads\/2024\/11\/CAA1565.jpg\" alt=\"\" class=\"wp-image-109\" srcset=\"https:\/\/hukanhauta.com\/wp-content\/uploads\/2024\/11\/CAA1565.jpg 1536w, https:\/\/hukanhauta.com\/wp-content\/uploads\/2024\/11\/CAA1565-225x300.jpg 225w, https:\/\/hukanhauta.com\/wp-content\/uploads\/2024\/11\/CAA1565-768x1024.jpg 768w, https:\/\/hukanhauta.com\/wp-content\/uploads\/2024\/11\/CAA1565-1152x1536.jpg 1152w\" sizes=\"auto, (max-width: 1536px) 100vw, 1536px\" \/><\/figure>\n\n\n\n<figure class=\"wp-block-image size-full\"><img loading=\"lazy\" decoding=\"async\" width=\"1536\" height=\"2048\" data-id=\"111\" src=\"https:\/\/hukanhauta.com\/wp-content\/uploads\/2024\/11\/CAA1582.jpg\" alt=\"\" class=\"wp-image-111\" srcset=\"https:\/\/hukanhauta.com\/wp-content\/uploads\/2024\/11\/CAA1582.jpg 1536w, https:\/\/hukanhauta.com\/wp-content\/uploads\/2024\/11\/CAA1582-225x300.jpg 225w, https:\/\/hukanhauta.com\/wp-content\/uploads\/2024\/11\/CAA1582-768x1024.jpg 768w, https:\/\/hukanhauta.com\/wp-content\/uploads\/2024\/11\/CAA1582-1152x1536.jpg 1152w\" sizes=\"auto, (max-width: 1536px) 100vw, 1536px\" \/><\/figure>\n\n\n\n<figure class=\"wp-block-image size-full\"><img loading=\"lazy\" decoding=\"async\" width=\"1463\" height=\"2048\" data-id=\"80\" src=\"https:\/\/hukanhauta.com\/wp-content\/uploads\/2024\/11\/DSC2776.jpg\" alt=\"\" class=\"wp-image-80\" srcset=\"https:\/\/hukanhauta.com\/wp-content\/uploads\/2024\/11\/DSC2776.jpg 1463w, https:\/\/hukanhauta.com\/wp-content\/uploads\/2024\/11\/DSC2776-214x300.jpg 214w, https:\/\/hukanhauta.com\/wp-content\/uploads\/2024\/11\/DSC2776-732x1024.jpg 732w, https:\/\/hukanhauta.com\/wp-content\/uploads\/2024\/11\/DSC2776-768x1075.jpg 768w, https:\/\/hukanhauta.com\/wp-content\/uploads\/2024\/11\/DSC2776-1097x1536.jpg 1097w\" sizes=\"auto, (max-width: 1463px) 100vw, 1463px\" \/><\/figure>\n\n\n\n<figure class=\"wp-block-image size-full\"><img loading=\"lazy\" decoding=\"async\" width=\"1463\" height=\"2048\" data-id=\"83\" src=\"https:\/\/hukanhauta.com\/wp-content\/uploads\/2024\/11\/DSC2779.jpg\" alt=\"\" class=\"wp-image-83\" srcset=\"https:\/\/hukanhauta.com\/wp-content\/uploads\/2024\/11\/DSC2779.jpg 1463w, https:\/\/hukanhauta.com\/wp-content\/uploads\/2024\/11\/DSC2779-214x300.jpg 214w, https:\/\/hukanhauta.com\/wp-content\/uploads\/2024\/11\/DSC2779-732x1024.jpg 732w, https:\/\/hukanhauta.com\/wp-content\/uploads\/2024\/11\/DSC2779-768x1075.jpg 768w, https:\/\/hukanhauta.com\/wp-content\/uploads\/2024\/11\/DSC2779-1097x1536.jpg 1097w\" sizes=\"auto, (max-width: 1463px) 100vw, 1463px\" \/><\/figure>\n\n\n\n<figure class=\"wp-block-image size-full\"><img loading=\"lazy\" decoding=\"async\" width=\"2048\" height=\"2048\" data-id=\"27\" src=\"https:\/\/hukanhauta.com\/wp-content\/uploads\/2024\/11\/DSC8039.jpg\" alt=\"\" class=\"wp-image-27\" srcset=\"https:\/\/hukanhauta.com\/wp-content\/uploads\/2024\/11\/DSC8039.jpg 2048w, https:\/\/hukanhauta.com\/wp-content\/uploads\/2024\/11\/DSC8039-300x300.jpg 300w, https:\/\/hukanhauta.com\/wp-content\/uploads\/2024\/11\/DSC8039-1024x1024.jpg 1024w, https:\/\/hukanhauta.com\/wp-content\/uploads\/2024\/11\/DSC8039-150x150.jpg 150w, https:\/\/hukanhauta.com\/wp-content\/uploads\/2024\/11\/DSC8039-768x768.jpg 768w, https:\/\/hukanhauta.com\/wp-content\/uploads\/2024\/11\/DSC8039-1536x1536.jpg 1536w\" sizes=\"auto, (max-width: 2048px) 100vw, 2048px\" \/><\/figure>\n\n\n\n<figure class=\"wp-block-image\"><img decoding=\"async\" src=\"https:\/\/hukanhauta.com\/wp-content\/uploads\/2024\/11\/DSC8038-768x1024.jpg\" alt=\"This image has an empty alt attribute; its file name is DSC8038-768x1024.jpg\"\/><\/figure>\n\n\n\n<figure class=\"wp-block-image size-full\"><img loading=\"lazy\" decoding=\"async\" width=\"1639\" height=\"2048\" data-id=\"97\" src=\"https:\/\/hukanhauta.com\/wp-content\/uploads\/2024\/11\/DSC7896-2.jpg\" alt=\"\" class=\"wp-image-97\" srcset=\"https:\/\/hukanhauta.com\/wp-content\/uploads\/2024\/11\/DSC7896-2.jpg 1639w, https:\/\/hukanhauta.com\/wp-content\/uploads\/2024\/11\/DSC7896-2-240x300.jpg 240w, https:\/\/hukanhauta.com\/wp-content\/uploads\/2024\/11\/DSC7896-2-820x1024.jpg 820w, https:\/\/hukanhauta.com\/wp-content\/uploads\/2024\/11\/DSC7896-2-768x960.jpg 768w, https:\/\/hukanhauta.com\/wp-content\/uploads\/2024\/11\/DSC7896-2-1229x1536.jpg 1229w\" sizes=\"auto, (max-width: 1639px) 100vw, 1639px\" \/><\/figure>\n\n\n\n<figure class=\"wp-block-image size-full\"><img loading=\"lazy\" decoding=\"async\" width=\"1638\" height=\"2048\" data-id=\"100\" src=\"https:\/\/hukanhauta.com\/wp-content\/uploads\/2024\/11\/DSC7904-2.jpg\" alt=\"\" class=\"wp-image-100\" srcset=\"https:\/\/hukanhauta.com\/wp-content\/uploads\/2024\/11\/DSC7904-2.jpg 1638w, https:\/\/hukanhauta.com\/wp-content\/uploads\/2024\/11\/DSC7904-2-240x300.jpg 240w, https:\/\/hukanhauta.com\/wp-content\/uploads\/2024\/11\/DSC7904-2-819x1024.jpg 819w, https:\/\/hukanhauta.com\/wp-content\/uploads\/2024\/11\/DSC7904-2-768x960.jpg 768w, https:\/\/hukanhauta.com\/wp-content\/uploads\/2024\/11\/DSC7904-2-1229x1536.jpg 1229w\" sizes=\"auto, (max-width: 1638px) 100vw, 1638px\" \/><\/figure>\n<\/figure>\n","protected":false},"excerpt":{"rendered":"<p>Mustavalkoinen tai v\u00e4rillinen filmille tehty muotokuva on autenttinen ja tunnelmallinen. Materiaali on eritt\u00e4in monipuolinen ja mahdollistaa erilaisten tekniikoiden k\u00e4yt\u00f6n haluttuun lopputulokseen. Kuvista on mahdollista tehd\u00e4 my\u00f6s isot suurennokset. Kuvaus valinnan mukaan v\u00e4rillisen\u00e4 tai mustavalkoisena.<\/p>\n","protected":false},"author":1,"featured_media":0,"parent":0,"menu_order":0,"comment_status":"closed","ping_status":"closed","template":"","meta":{"_monsterinsights_skip_tracking":false,"_monsterinsights_sitenote_active":false,"_monsterinsights_sitenote_note":"","_monsterinsights_sitenote_category":0,"footnotes":""},"class_list":["post-95","page","type-page","status-publish","hentry"],"aioseo_notices":[],"_links":{"self":[{"href":"https:\/\/hukanhauta.com\/index.php\/wp-json\/wp\/v2\/pages\/95","targetHints":{"allow":["GET"]}}],"collection":[{"href":"https:\/\/hukanhauta.com\/index.php\/wp-json\/wp\/v2\/pages"}],"about":[{"href":"https:\/\/hukanhauta.com\/index.php\/wp-json\/wp\/v2\/types\/page"}],"author":[{"embeddable":true,"href":"https:\/\/hukanhauta.com\/index.php\/wp-json\/wp\/v2\/users\/1"}],"replies":[{"embeddable":true,"href":"https:\/\/hukanhauta.com\/index.php\/wp-json\/wp\/v2\/comments?post=95"}],"version-history":[{"count":6,"href":"https:\/\/hukanhauta.com\/index.php\/wp-json\/wp\/v2\/pages\/95\/revisions"}],"predecessor-version":[{"id":162,"href":"https:\/\/hukanhauta.com\/index.php\/wp-json\/wp\/v2\/pages\/95\/revisions\/162"}],"wp:attachment":[{"href":"https:\/\/hukanhauta.com\/index.php\/wp-json\/wp\/v2\/media?parent=95"}],"curies":[{"name":"wp","href":"https:\/\/api.w.org\/{rel}","templated":true}]}}